{"id":35,"date":"2019-09-12T12:32:24","date_gmt":"2019-09-12T12:32:24","guid":{"rendered":"http:\/\/pummels.de\/?page_id=35"},"modified":"2026-01-08T20:01:20","modified_gmt":"2026-01-08T20:01:20","slug":"impressum-kontakt","status":"publish","type":"page","link":"https:\/\/pummels.de\/?page_id=35","title":{"rendered":"Impressum \/ Kontakt"},"content":{"rendered":"\n<p>Angaben gem\u00e4\u00df \u00a75 TMG<br>sowie gleicherma\u00dfen verantwortlich f\u00fcr den Inhalt der Seite nach \u00a755 Abs.2 RStV:<\/p>\n\n\n\n<p>Almut Heimbach<br>Lahrring 64a<br>53626 K\u00f6nigswinter<\/p>\n\n\n\n<p>Tel. 02223-900311<br>almut.heimbach@t-online.de<\/p>\n\n\n\n<p>Disclaimer:<br>Entgegen des Rates meiner technischen Betreuung verzichte ich auf die  Disclaimer, weil sie Schwachsinn sind. Ich \u00fcbernehme die Verantwortung  f\u00fcr das, was ich bewusst mache. Und ja, das Gesetz gilt auch f\u00fcr diese  Seite hier.<\/p>\n","protected":false},"excerpt":{"rendered":"<p>Angaben gem\u00e4\u00df \u00a75 TMGsowie gleicherma\u00dfen verantwortlich f\u00fcr den Inhalt der Seite nach \u00a755 Abs.2 RStV: Almut HeimbachLahrring 64a53626 K\u00f6nigswinter Tel. 02223-900311almut.heimbach@t-online.de Disclaimer:Entgegen des Rates meiner technischen Betreuung verzichte ich auf die Disclaimer, weil sie Schwachsinn sind. Ich \u00fcbernehme die Verantwortung f\u00fcr das, was ich bewusst mache. Und ja, das Gesetz [&hellip;]<\/p>\n","protected":false},"author":1,"featured_media":0,"parent":0,"menu_order":0,"comment_status":"closed","ping_status":"closed","template":"","meta":{"_themeisle_gutenberg_block_has_review":false,"footnotes":""},"class_list":["post-35","page","type-page","status-publish","hentry"],"_links":{"self":[{"href":"https:\/\/pummels.de\/index.php?rest_route=\/wp\/v2\/pages\/35","targetHints":{"allow":["GET"]}}],"collection":[{"href":"https:\/\/pummels.de\/index.php?rest_route=\/wp\/v2\/pages"}],"about":[{"href":"https:\/\/pummels.de\/index.php?rest_route=\/wp\/v2\/types\/page"}],"author":[{"embeddable":true,"href":"https:\/\/pummels.de\/index.php?rest_route=\/wp\/v2\/users\/1"}],"replies":[{"embeddable":true,"href":"https:\/\/pummels.de\/index.php?rest_route=%2Fwp%2Fv2%2Fcomments&post=35"}],"version-history":[{"count":2,"href":"https:\/\/pummels.de\/index.php?rest_route=\/wp\/v2\/pages\/35\/revisions"}],"predecessor-version":[{"id":1592,"href":"https:\/\/pummels.de\/index.php?rest_route=\/wp\/v2\/pages\/35\/revisions\/1592"}],"wp:attachment":[{"href":"https:\/\/pummels.de\/index.php?rest_route=%2Fwp%2Fv2%2Fmedia&parent=35"}],"curies":[{"name":"wp","href":"https:\/\/api.w.org\/{rel}","templated":true}]}}