{"id":26,"date":"2019-09-12T12:28:45","date_gmt":"2019-09-12T12:28:45","guid":{"rendered":"http:\/\/pummels.de\/?page_id=26"},"modified":"2026-01-09T12:30:00","modified_gmt":"2026-01-09T12:30:00","slug":"ueber-meine-zucht","status":"publish","type":"page","link":"https:\/\/pummels.de\/?page_id=26","title":{"rendered":"Tierwohl in der Zucht"},"content":{"rendered":"\n<p>Es gibt nicht wenige Meerschweinchenhalter, insbesondere solche von Notfellchen, welche Z\u00fcchter als die Antichristen per se ansehen. Denn a) es gibt nun wahrlich genug Meerschweinchen in Tierheimen. Z\u00fcchter vermehren Tiere und tragen nach dieser Logik die Schuld am Tierleid. Au\u00dferdem gibt es b) auch so etwas wie Qualzuchtrassen &#8211; also Rassen, die \u00fcber Eigenschaften verf\u00fcgen, unter denen die Tiere leiden.<\/p>\n\n\n\n<p>Ich wage aber zu a) zu behaupten, dass diese Tierheimtiere nicht von seri\u00f6sen Z\u00fcchtern dort abgeladen wurden und allzuoft auch nicht aus seri\u00f6sen Zuchten stammen. Meine These: Jemand, der bei einem seri\u00f6sen Z\u00fcchter kauft, muss Auskunft zu seinen Haltungsbedingungen geben und wird bei mangelnden Vorkenntnissen aber gutem Willen umfangreiche Informationen zur Haltung und Ern\u00e4hrung erhalten. Er wird dort auch deutlich mehr Geld bezahlen f\u00fcr ein Tier. Kurzum: Er hat zumindest den Anschein erweckt, sich seinen Kauf und dessen Folgen sehr genau durchdacht zu haben oder er wird von einem seri\u00f6sen Z\u00fcchter kein Tier erhalten. (An diesem Punkt besteht kein Unterschied zwischen seri\u00f6sen Z\u00fcchtern und seri\u00f6sen Notstationen!).<\/p>\n\n\n\n<p>Wohingegen jemand, der ein Meerschweinchen anonym f\u00fcr 10\u20ac als un\u00fcberlegten Spontankauf bei Kleinanzeigen besorgt hat, nach meiner festen \u00dcberzeugung viel eher dazu neigt, es baldm\u00f6glichst wieder irgendwo loswerden zu wollen. Entweder, weil die Kinder das Interesse verloren haben oder das Tier krank geworden ist oder pl\u00f6tzlich Junge bekommen hat, weil der Vorbesitzer eben kein seri\u00f6ser Z\u00fcchter war und sowieso keine Ahnung von irgendwas (Geschlechtsbestimmung) hatte und die Viecher selbst einfach blo\u00df loswerden wollte.<\/p>\n\n\n\n<p>Genaugenommen geht es bei der Frage des Tierwohls prim\u00e4r um Haltungsbedingungen. Ich als Z\u00fcchter kenne inzwischen sehr viel mehr potentielle K\u00e4ufer, denen ich Tiere von mir nicht anvertrauen wollte, als Z\u00fcchterkolleg:innen, denen ich meine Tiere nicht \u00fcberlassen w\u00fcrde. Doch das ist subjektiv. <strong>Schlecht sind jedenfalls nicht &#8222;die Z\u00fcchter&#8220; oder &#8222;die Liebhaberhalter&#8220;, sondern schlecht sind alle, die sich um ihre Tiere nicht ordentlich k\u00fcmmern.<\/strong><\/p>\n\n\n\n<p>Ich achte auf das Wohlbefinden meiner Tiere. Bei der Gr\u00f6\u00dfe meiner Gehege und deren Ausstattung orientiere ich mich an den Vorgaben der Tier\u00e4rztlichen Vereinigung f\u00fcr Tierschutz. Sie erhalten t\u00e4glich gemischtes Frischfutter in einer Menge von mindestens 20% ihres K\u00f6rpergewichtes. Hinsichtlich der F\u00fctterung mit Pellets herrschen ja Zust\u00e4nde wie beim Elterabend im Kindergarten, wenn es um das Mittagessen geht. Ja, neben Frischfutter und Heu erhalten meine Tiere auch Pellets. Aus folgenden Gr\u00fcnden: Es gibt immer mal &#8222;Picking&#8220;-Eater, die es schaffen, zielgerichtet bestimmtes vitaminhaltiges Frischfutter zu umschiffen, was zur Mangelversorgung f\u00fchrt, obwohl das Angebot da w\u00e4re. Verr\u00fcckt, ist aber so. Mit den auf den Vitaminbedarf von Meerschweinchen abgestimmten erg\u00e4nzend gegebenen Pellets ist mir das nicht mehr passiert. Zwotens ben\u00f6tigen schwangere Tiere, solche in der Stillzeit und Aufzucht einfach mehr Kalorien und mehr Calcium. Wehenschw\u00e4che, Wehenstillstand sowie Calciuman\u00e4mie und Milchmangel sind vermeidbar. Toxikosen \/ Ketosen in der Endschwangerschaft ebenso. Und die Antwort auf beides: Die darauf abgestimmten Pellets. Hochkalorisch und Calciumreich. Da fang ich auch keine Diskussion mit Laien mehr an, selbst Schafz\u00fcchter wissen, wovon ich rede, die nennen das dann halt Kraftfutter und wissen, dass Wiese bei schwangeren Schafen oft nicht reicht.<\/p>\n\n\n\n<p>Sauen sowie B\u00f6cke werden fr\u00fchestens mit einem Gewicht von um die 1000g zur Zucht eingesetzt (das ist um den dritten\/vierten Lebensmonat herum der Fall). Die Sauen erhalten zudem nach dem Abstillen eine individuelle Zuchtpause, die sich u.a. an ihrem Gewicht orientiert (viele magern durch die k\u00f6rperliche Belastung etwas ab). Die Gehege sind weitl\u00e4ufig und mit Versteck- und R\u00fcckzugsm\u00f6glichkeiten ausgestattet, wie es dem Wesen der sich-im-Gras-Verstecker entspricht. Jungtiere wachsen im eingeschlechtlichen, sozialisierenden Familienverband auf, dem ein Leitbock bzw. eine Leitsau vorsteht.<\/p>\n\n\n\n<p>Aufgrund der zunehmenden Hitzeperioden im Sommer und der Hitzeempfindlichkeit der Tiere habe ich mich (das war eine Vernunftentscheidung) hinsichtlich der Damen gegen ein Au\u00dfengehege und f\u00fcr klimatisierte Innengehege entschieden. (Im Sommer max. 20 Grad, im Winter halte ich sie bei 10 Grad, zudem wird durch die gesteuerte Bel\u00fcftung die Luftfeuchtigkeit reduziert und eventuelle Ammoniakd\u00e4mpfe abgeleitet). Gereinigt wird nat\u00fcrlich trotzdem alle 2-3 Tage.<\/p>\n\n\n\n<p>Ich halte meine Tiere nicht auf Gras\/Erdreich. Ausnahmslos alle Tiere, die ich aus einer solchen Haltung bezogen hatte, waren mit W\u00fcrmern und\/oder Kokzidien infiziert. Und: Die wird man auf Gras\/Erdreich auch nie wieder los! Anders als bei Hunden\/Katzen\/Pferden etc., wo schlicht Befallsmanagement durch regelm\u00e4\u00dfige Entwurmungen erfolgt, habe ich als Meerschweinchenz\u00fcchter den Qualit\u00e4tsanspruch, gesunde Tiere zu verkaufen. Also sind und m\u00fcssen meine Gehege desinfizierbar sein. Zudem f\u00fchre ich regelm\u00e4\u00dfige, zumindest j\u00e4hrliche Kotkontrollen durch. Die letzten Jahre -abgesehen von Neuzug\u00e4ngen in Quarant\u00e4ne- waren diese immer ohne Befund.<\/p>\n\n\n\n<p>Ich habe UVB-Lampen. Ohne direkte Sonneneinstrahlung w\u00fcrde es sonst hinsichtlich der Vitamine schwierig. Die Leuchten sind an eine Zeitschaltuhr angeschlossen. Zudem habe ich eine eine Niederdruck-Wasserzentralversorgung, die t\u00e4glich frisches Wasser zur Verf\u00fcgung stellt. Sowie ein Ammoniakmessger\u00e4t (steht seit geraumer Zeit dauerhaft auf Null). Bin ein wenig ein Technikfreak.<\/p>\n\n\n\n<p>Seit der Umstellung meiner Haltungsform von Boden-Fleece-Molton-Haltung auf Gehege mit federndem, trittsicherem und teil-perforiertem Boden vor inzwischen anderthalb Jahren ist kein einziger Fall von Fu\u00dfverletzungen aufgetreten. Hingegen konnte die Anzahl von postnatalen Augenverletzungen durch herumliegendes Heu o.\u00e4. sowie (das betraf vorrangig \u00e4ltere Tiere) von Pododermatitis auf Null (!) reduziert werden. Es ist auch kein Fall von &#8222;Och, ich zieh mal den Nippel aus der Leitung und mache \u00dcberschwemmung&#8220; aufgetreten (und selbst wenn, s\u00e4\u00dfen die Tiere weiterhin im Trockenen, denn das Wasser w\u00fcrde ja abflie\u00dfen). Bei aller Skepsis, die ich selbst zuvor hatte, kann ich das nur als vollen Erfolg werten.<\/p>\n\n\n\n<figure class=\"wp-block-gallery has-nested-images columns-default is-cropped wp-block-gallery-1 is-layout-flex wp-block-gallery-is-layout-flex\">\n<figure class=\"wp-block-image size-large\"><img loading=\"lazy\" decoding=\"async\" width=\"1024\" height=\"768\" data-id=\"1629\" src=\"https:\/\/pummels.de\/wp-content\/uploads\/2026\/01\/IMG_1889-1024x768.jpg\" alt=\"\" class=\"wp-image-1629\" srcset=\"https:\/\/pummels.de\/wp-content\/uploads\/2026\/01\/IMG_1889-1024x768.jpg 1024w, https:\/\/pummels.de\/wp-content\/uploads\/2026\/01\/IMG_1889-300x225.jpg 300w, https:\/\/pummels.de\/wp-content\/uploads\/2026\/01\/IMG_1889-768x576.jpg 768w, https:\/\/pummels.de\/wp-content\/uploads\/2026\/01\/IMG_1889-1536x1152.jpg 1536w, https:\/\/pummels.de\/wp-content\/uploads\/2026\/01\/IMG_1889-2048x1536.jpg 2048w\" sizes=\"auto, (max-width: 1024px) 100vw, 1024px\" \/><figcaption class=\"wp-element-caption\">Damengehege (eins von zweien), insgesamt je 5qm, unterteilbar<\/figcaption><\/figure>\n\n\n\n<figure class=\"wp-block-image size-large\"><img loading=\"lazy\" decoding=\"async\" width=\"1024\" height=\"768\" data-id=\"1630\" src=\"https:\/\/pummels.de\/wp-content\/uploads\/2026\/01\/IMG_1890-1024x768.jpg\" alt=\"\" class=\"wp-image-1630\" srcset=\"https:\/\/pummels.de\/wp-content\/uploads\/2026\/01\/IMG_1890-1024x768.jpg 1024w, https:\/\/pummels.de\/wp-content\/uploads\/2026\/01\/IMG_1890-300x225.jpg 300w, https:\/\/pummels.de\/wp-content\/uploads\/2026\/01\/IMG_1890-768x576.jpg 768w, https:\/\/pummels.de\/wp-content\/uploads\/2026\/01\/IMG_1890-1536x1152.jpg 1536w, https:\/\/pummels.de\/wp-content\/uploads\/2026\/01\/IMG_1890-2048x1536.jpg 2048w\" sizes=\"auto, (max-width: 1024px) 100vw, 1024px\" \/><figcaption class=\"wp-element-caption\">Verpaarungsgehege (zwei von vieren), jeweils 2qm<\/figcaption><\/figure>\n\n\n\n<figure class=\"wp-block-image size-large\"><img loading=\"lazy\" decoding=\"async\" width=\"1024\" height=\"768\" data-id=\"1631\" src=\"https:\/\/pummels.de\/wp-content\/uploads\/2026\/01\/IMG_1891-1024x768.jpg\" alt=\"\" class=\"wp-image-1631\" srcset=\"https:\/\/pummels.de\/wp-content\/uploads\/2026\/01\/IMG_1891-1024x768.jpg 1024w, https:\/\/pummels.de\/wp-content\/uploads\/2026\/01\/IMG_1891-300x225.jpg 300w, https:\/\/pummels.de\/wp-content\/uploads\/2026\/01\/IMG_1891-768x576.jpg 768w, https:\/\/pummels.de\/wp-content\/uploads\/2026\/01\/IMG_1891-1536x1152.jpg 1536w, https:\/\/pummels.de\/wp-content\/uploads\/2026\/01\/IMG_1891-2048x1536.jpg 2048w\" sizes=\"auto, (max-width: 1024px) 100vw, 1024px\" \/><figcaption class=\"wp-element-caption\">Jungbock-Au\u00dfengehege, insgesamt 7qm, unterteilbar<\/figcaption><\/figure>\n<\/figure>\n\n\n\n<p>Meine Zucht ist klein, aber fein. Ich f\u00fchre nur 2x\/Jahr Verpaarungen durch. Mein Tierbestand liegt zwischen 30 bis 40 Tieren gesamt, davon 12 im aktiven Zuchteinsatz und ebenso viele in der Aufzucht zum Zuchtverbleib; die \u00fcbrigen sind Abgabe- oder Erziehertiere. Das ist f\u00fcr eine Zucht genaugenommen die Mindestgr\u00f6\u00dfe, um die genetische Diversit\u00e4t sicherstellen zu k\u00f6nnen. Als ich freiberuflich vorr\u00fcbergehend ungewohnt viel zu tun hatte, hatte ich eine Stallhilfe eingestellt, damit meine Tiere weiterhin gut versorgt sind.<\/p>\n\n\n\n<p>Nun zum Punkt b) der Vorw\u00fcrfe: Qualzuchtrassen. Tiere mit unerw\u00fcnschten genetischen Eigenschaften werden von mir von der Zucht ausgeschlossen. Unerw\u00fcnscht sind von mir Lockengene und Pink Eyes sowie weitere Gene, die mit deutlich r\u00f6tlichen Augen einhergehen. Ich z\u00fcchte ausschlie\u00dflich Glatthaartiere mit kurzem Fell und dunklen Augen. Warum? Ich pers\u00f6nlich habe den Eindruck, dass CH-Teddys und Rexe h\u00e4ufiger unter Fell- und Hautirritationen leiden. Tatsache ist, dass sie unter Qualzuchtverdacht stehen, da ihre Vibrissen gekr\u00e4uselt sind, was m\u00f6glicherweise ihre Orientierung erschwehrt. Und warum ich nur dunkle Augen z\u00fcchte? Tiere mit pinken oder roten Augen vertragen erwiesenerma\u00dfen Sonneneinstrahlung nicht so gut. Da der \u00fcberwiegende Teil meiner Kaufinteressenten die Tiere ganzj\u00e4hrig drau\u00dfen h\u00e4lt, w\u00e4ren pinke Augen oder r\u00f6tliche Augen nach meiner \u00dcberzeugung nicht im Sinne des Tierwohls. Langhaartiere finde ich grunds\u00e4tzlich schwierig. Ich glaub, wenn die es sich aussuchen d\u00fcrften, h\u00e4tten sie lieber kurzes Fell.<\/p>\n\n\n\n<p><strong>Was spricht daf\u00fcr, Tiere von mir zu beziehen?<\/strong><\/p>\n\n\n\n<p>Ich werde Ihnen eine ehrliche R\u00fcckmeldung dazu geben, ob Ihre Haltungsbedingungen geeignet sind.<br>Sie bekommen vor und auch nach dem Kauf ihre Fragen wirklich kompetent beantwortet.<br>Sie k\u00f6nnen sicher sein, dass wenn ich Ihnen eine Dame verkaufe, dies wirklich ein Weibchen ist.<br>Ich verkaufe keine &#8222;\u00fcberraschend&#8220; schwangeren Tiere. <br>Sofern Sie selbst z\u00fcchten, k\u00f6nnen Sie bei mir die europaweit einzigen verf\u00fcgbar nachweislich reinerbigen Glatthaartiere, die zudem frei von Pink Eyes sind, erwerben. <br>Ich verkaufe nur augenscheinlich gesunde Tiere. <br>Meine Tiere werden regelm\u00e4\u00dfig auf Darmparasiten untersucht und sind frei von diesen.<br>Meine Tiere k\u00f6nnen ganzj\u00e4hrig in Innen- oder Au\u00dfenhaltung wechseln.<br>Meine Tiere werden gesund ern\u00e4hrt, haben ausreichend Platz und werden optimal mit anderen sozialisiert.<\/p>\n","protected":false},"excerpt":{"rendered":"<p>Es gibt nicht wenige Meerschweinchenhalter, insbesondere solche von Notfellchen, welche Z\u00fcchter als die Antichristen per se ansehen. Denn a) es gibt nun wahrlich genug Meerschweinchen in Tierheimen. Z\u00fcchter vermehren Tiere und tragen nach dieser Logik die Schuld am Tierleid. Au\u00dferdem gibt es b) auch so etwas wie Qualzuchtrassen &#8211; also [&hellip;]<\/p>\n","protected":false},"author":1,"featured_media":0,"parent":0,"menu_order":0,"comment_status":"closed","ping_status":"closed","template":"","meta":{"_themeisle_gutenberg_block_has_review":false,"footnotes":""},"class_list":["post-26","page","type-page","status-publish","hentry"],"_links":{"self":[{"href":"https:\/\/pummels.de\/index.php?rest_route=\/wp\/v2\/pages\/26","targetHints":{"allow":["GET"]}}],"collection":[{"href":"https:\/\/pummels.de\/index.php?rest_route=\/wp\/v2\/pages"}],"about":[{"href":"https:\/\/pummels.de\/index.php?rest_route=\/wp\/v2\/types\/page"}],"author":[{"embeddable":true,"href":"https:\/\/pummels.de\/index.php?rest_route=\/wp\/v2\/users\/1"}],"replies":[{"embeddable":true,"href":"https:\/\/pummels.de\/index.php?rest_route=%2Fwp%2Fv2%2Fcomments&post=26"}],"version-history":[{"count":20,"href":"https:\/\/pummels.de\/index.php?rest_route=\/wp\/v2\/pages\/26\/revisions"}],"predecessor-version":[{"id":1632,"href":"https:\/\/pummels.de\/index.php?rest_route=\/wp\/v2\/pages\/26\/revisions\/1632"}],"wp:attachment":[{"href":"https:\/\/pummels.de\/index.php?rest_route=%2Fwp%2Fv2%2Fmedia&parent=26"}],"curies":[{"name":"wp","href":"https:\/\/api.w.org\/{rel}","templated":true}]}}